{"id":754,"date":"2023-06-20T12:06:49","date_gmt":"2023-06-20T10:06:49","guid":{"rendered":"https:\/\/roosterriddle.com\/?page_id=754"},"modified":"2026-04-23T11:07:58","modified_gmt":"2026-04-23T09:07:58","slug":"model-werkelijkheid","status":"publish","type":"page","link":"https:\/\/roosterriddle.com\/index.php\/sample-page\/model-werkelijkheid\/","title":{"rendered":"Model, Betekenis &#038; Werkelijkheid"},"content":{"rendered":"<div dir=\"auto\">1. <em>Wittgenstein<\/em>\u2019s Ladder<span style=\"font-size: 16px;\"> (een vereenvoudigde versie vind je <a href=\"https:\/\/roosterriddle.com\/documenten\/Sources\/WittgensteinsLadder.pdf\">hier)<\/a><\/span><\/div>\n<p><!--more--><\/p>\n<div dir=\"auto\"><\/div>\n<div dir=\"auto\">In het begin van de twintigste eeuw -omstreeks 1912-\u00a0 slaat een briljante Oostenrijkse student in Cambridge de bodem weg onder het fundament van \u00e9\u00e9n van de belangrijkste werken van zijn toekomstige promotor, Bertrand Russell. De jonge Ludwig Wittgenstein weet hem ervan te overtuigen dat een <em>universele, alom geldige<\/em> logische taal, zoals gedacht in de &#8216;<em>Principia Mathematica<\/em>&#8216; (Russell &amp; Whitehead) een <em>illusie<\/em> is<em>. <\/em><\/div>\n<div dir=\"auto\">Het idee: taal en betekenis zouden afhankelijk (moeten) zijn van <em>context<\/em>. Van waar, wanneer en hoe deze wordt gebruikt. Een <em>alles<\/em> omvattend en bewijsbaar, consistent formeel systeem om wiskunde &amp; logica te funderen is dan een onmogelijkheid <span style=\"font-size: 12px;\">(1)<\/span>. Zo\u2019n systeem verliest <em>buiten<\/em> de vooropgestelde premissen z\u2019n geldigheid en betekenis.<\/div>\n<div dir=\"auto\"><\/div>\n<div dir=\"auto\">Een<em> contextloze, symbolische taal -in welke vorm ook- bestaat namelijk niet.<\/em><\/div>\n<div dir=\"auto\"><\/div>\n<div dir=\"auto\">Deze stelling wordt wat mij betreft de belangrijkste -dan wellicht nog impliciete- idee in Wittgenstein&#8217;s werk. In de <em>Tractatus Logico-Philosophicus<\/em> (i.e. zijn geschreven deel<em> 1), <\/em>waarmee hij, uiteindelijk pas in 1929, bij Russell en Moore in Cambridge promoveert met de uitspraak &#8220;<em>Don&#8217;t worry, I know you&#8217;ll never understand it<\/em>&#8221; (slaat dat op zijn <em>niet te schrijven deel 2?<\/em>). En in zijn, eerst in 1953 postuum verschenen, <i>Philosophische Untersuchungen.<\/i><\/div>\n<div dir=\"auto\"><\/div>\n<div dir=\"auto\">Zodra je de wereld <em>buiten<\/em> de schutting (die je hokje omgeeft) ont-dekt, verlies je de \u2018<em>veiligheid\u2019<\/em> van het formele systeem (&#8217;taalspel&#8217;) die je <em>binnen<\/em> die omgeving (&#8216;levensvorm&#8217;, hokje, <em>context<\/em>) zorgvuldig en consistent middels logische deductie hebt geprobeerd op te bouwen<span style=\"font-size: 15px;\">. <span style=\"font-size: 20px;\">Je loopt daar dus tegen <i>een grens<\/i> aan, waaraan voorbij je de weg kwijt raakt. Want:<em> voorbij die grens heeft je taal geen betekenis meer<\/em>.<\/span><\/span><\/div>\n<div dir=\"auto\">Illustratief hierbij is de &#8216;<em>ladder-metafoor<\/em>&#8216; in de Tractatus (cursief van mij):<\/div>\n<div dir=\"auto\"><\/div>\n<div dir=\"auto\"><em>Paragraaf 6.54<\/em>: \u00a0 \u00a0 \u00a0&#8220;Meine S\u00e4tze erl\u00e4utern dadurch, dass sie der, welcher mich versteht, am Ende als unsinnig erkennt, wenn er durch sie -auf ihnen- \u00fcber sie hinausgestiegen ist (<em>Er muss sozusagen die Leiter wegwerfen, nachdem er auf ihr hinaufgestiegen ist.<\/em>).\u00a0Er muss die S\u00e4tze \u00fcberwinden, dann sieht er die Welt richtig.&#8221;<\/div>\n<div dir=\"auto\"><em>Paragraaf 7:<\/em>\u00a0 \u00a0 \u00a0 \u00a0 \u00a0 \u00a0 &#8220;Wovon man nicht sprechen kann, dar\u00fcber muss man schweigen. &#8220;<\/div>\n<div dir=\"auto\">\n<p style=\"text-align: left;\">De <em>betekenis<\/em> van symbolen, woorden, termen, begrippen, verhalen, algoritmen, systemen, enz. is namelijk <em>nooit<\/em> los te maken van de specifieke &#8216;spelsituatie&#8217; (het taalspel &amp; de levensvorm) is Wittgenstein&#8217;s ultieme boodschap. Stap je uit dat <em>&#8216;spel&#8217;<\/em>, met andere woorden klim je over die schutting heen, dan mag je niet meer spreken van <em>algemene<\/em>\u00a0 (universele) geldigheid van je spelregels. Je bent je houvast -je ladder- kwijt. <em>Non<\/em>-contextualisme: waar context ontbreekt -niet <em>is-<\/em> is taal zonder betekenis en \u2018spel\u2019 zonder regels. <em>Zin<\/em>-loos. Daar, concludeert Wittgenstein, <em>houdt taal gewoon op. <\/em>Dus is zelfs &#8216;<em>het er over hebben<\/em>&#8216; binnen jouw taalspel (spelsituatie) een zinloze bezigheid. Dan maar zwijgen dus (6.54). Zonder die taal ook geen (spel)regels.<\/p>\n<p><i>Mijns inziens<\/i> is dat de essentie van Wittgenstein&#8217;s idee. En duidelijk weer gegeven in stelling 6.54. Het is een boodschap met de impliciete waarschuwing: <em>pas op, we betreden n\u00fa een gebied waar onze vertrouwde, logisch afgeleide spelregels niet meer geldig zijn!<br \/>\n<\/em>Precies dit dilemma speelt -ongeveer terzelfder tijd- \u00f3\u00f3k de grote pioniers in de <em>quantummechanica<\/em>\u00a0en <em>relativiteitstheorie<\/em>\u00a0<em>(Einstein, Planck, Bohr, Heisenberg, Schr\u00f6dinger e.a., Solvay 1927) <\/em>parten<em>.<br \/>\n<\/em>En dat lijkt mij bepaald geen toeval.<\/p>\n<p><em><br \/>\n<\/em><span style=\"color: var(--global--color-primary); font-family: var(--global--font-secondary); font-size: var(--global--font-size-base); background-color: var(--global--color-background);\">De tijdgenoten Wittgenstein (promotors, collega&#8217;s, leden van de <\/span><em style=\"color: var(--global--color-primary); font-family: var(--global--font-secondary); font-size: var(--global--font-size-base);\">Wiener Kreis<\/em><span style=\"color: var(--global--color-primary); font-family: var(--global--font-secondary); font-size: var(--global--font-size-base); background-color: var(--global--color-background);\">, etc.) wisten zich met zijn boodschap eigenlijk ook geen raad. Wat hij hen ook toen al lijkt voor te houden, is dat <\/span><em style=\"color: var(--global--color-primary); font-family: var(--global--font-secondary); font-size: var(--global--font-size-base);\">wij \u2018beschaafde\u2019 westerlingen<\/em><span style=\"color: var(--global--color-primary); font-family: var(--global--font-secondary); font-size: var(--global--font-size-base); background-color: var(--global--color-background);\"> ons misschien op basis van een <\/span><em style=\"color: var(--global--color-primary); font-family: var(--global--font-secondary); font-size: var(--global--font-size-base);\">deterministisch geori\u00ebnteerde <\/em><span style=\"color: var(--global--color-primary); font-family: var(--global--font-secondary); font-size: var(--global--font-size-base); background-color: var(--global--color-background);\">wetenschap -materialisme, een speerpunt van de <i>Wiener Kreis<\/i>&#8211; een <\/span><em style=\"color: var(--global--color-primary); font-family: var(--global--font-secondary); font-size: var(--global--font-size-base);\">te ruime<\/em><span style=\"color: var(--global--color-primary); font-family: var(--global--font-secondary); font-size: var(--global--font-size-base); background-color: var(--global--color-background);\"> broek aanmeten. En dat gevoel lijkt nu -mede dankzij het fabelachtige succes van hedendaagse technologische ontwikkelingen- steeds sterker te worden.<\/span><\/p>\n<p><em style=\"color: var(--global--color-primary); font-family: var(--global--font-secondary); font-size: var(--global--font-size-base);\">Gaat de moderne technologie onze problemen oplossen? Is onze Natuur werkelijk beheersbaar? Gaan we (ooit) een verklaring vinden voor wat \u2018Leven\u2019 is? Of leven cre\u00ebren ? Gaan wij \u00e9cht een &#8216;Theorie van Alles&#8217; uitvinden?<\/em><\/p>\n<p><em>\u00c9cht? Laten we bescheiden blijven! Er is een grens die w\u00edj als mensen n\u00f3\u00f3it zullen en k\u00fannen overschrijden (cf. Planck).<br \/>\n<\/em><\/p>\n<\/div>\n<div dir=\"auto\">De metafoor van de ladder gaat heel diep. Z\u00f3 \u2018<i>ziet<\/i>\u2019 Wittgenstein\u00a0<em>voorbij<\/em> die schutting een <em>werkelijkheid<\/em> die hij met de taal van <em>binnen<\/em> de omheining (i.e. levensvorm, taalspel, context, <em>de facto reality, wereld<\/em>) niet meer kan beschrijven<span style=\"font-size: 15px;\">(2)<\/span>. Waarmee hij in feite aansluit in de rij van filosofen die al vanaf de klassieke oudheid &#8216;hinten&#8217; in de richting van een door ons mensen <em>geconstrueerde<\/em> wereld bovenop of naast een <i>boven<\/i>menselijke. Bv. in Plato&#8217;s <em>Grot-metafoor<\/em> de <em>boven<\/em>wereld&#8217;. <em>Idealisme <\/em>misschien ? In elk geval een wereld <i>totaal anders<\/i> dan die wij menen te <em><u>kennen<\/u><\/em> en te kunnen <i>beheren. <\/i>Te kunnen<i> beheersen.\u00a0<\/i><\/div>\n<div dir=\"auto\"><\/div>\n<div dir=\"auto\">Een <i>holo<\/i>-script. Waarover later meer.<\/div>\n<p>&nbsp;<\/p>\n<p>2. <em>Science<\/em> in de 21e eeuw:\u00a0 moderne natuurkunde en de kosmologie ..<\/p>\n<p style=\"text-align: left;\">In zijn boek \u2018<em>Het ontstaan van de tijd\u2019 &#8211; <\/em>2023<em>)\u00a0<\/em>beschrijft de Vlaamse kosmoloog Thomas Hertog een soortgelijk dilemma. \u00a0Hun zoektocht naar een <em>Theorie van Alles<\/em> leverde\u00a0Hawking en Hertog tal van paradoxale inzichten (<em>binnenste buiten gekeerde laboratorium wetenschap, geen-grens hypothese, Anti de Sitter ruimte<\/em>) die -althans bij mij- onmiddellijk associaties opriepen met die hele rij hierboven genoemde filosofen. En met mijn eigen werk sinds 1972. Ook hier weer die rode draad:<\/p>\n<p style=\"text-align: left;\"><em><u>D\u00e9 <\/u><u>Werkelijkheid<\/u><u> is niet in een model &#8211; een Theorie van Alles- te vatten.<\/u><\/em><\/p>\n<p>&nbsp;<\/p>\n<p><span style=\"font-size: 15px;\">Noot (1) \u00a0Wat Wittgenstein middels <em>taal<\/em> aanvoelt, laat de wiskundige <em>Kurt G\u00f6del<\/em> met <em>getallen<\/em> zien. Niet veel later (1931) zal G\u00f6del een formeel bewijs publiceren waarin hij aantoont dat<em>\u00a0b\u00ednnen<\/em> een <em>formeel logisch<\/em> systeem (als de <i>Principia Mathematica<\/i> van W&amp;R en <i>soortgelijke<\/i>) <\/span><span style=\"font-size: 15px;\">geen absolute zekerheid te verkrijgen is. Een axiomatisch stelsel is -aldus G\u00f6del- <em>in fundament<\/em> onvolledig omdat binnen zo\u2019n stelsel de bewijsmethoden tekort schieten (<em>onvolledigheids<\/em>stelling)<\/span><\/p>\n<p><span style=\"font-size: 15px;\">Noot (2) cf. Philosophische Untersuchungen<\/span><\/p>\n<p>Contact: <em><span style=\"color: #ff0000;\"><a style=\"color: #ff0000;\" href=\"http:\/\/www.linkedin.com\/in\/hchj-stolting\">LinkedIn<\/a><\/span><\/em><\/p>\n","protected":false},"excerpt":{"rendered":"<p>1. Wittgenstein\u2019s Ladder (een vereenvoudigde versie vind je hier)<\/p>\n","protected":false},"author":1,"featured_media":0,"parent":2,"menu_order":0,"comment_status":"closed","ping_status":"closed","template":"","meta":{"footnotes":""},"class_list":["post-754","page","type-page","status-publish","hentry","entry"],"_links":{"self":[{"href":"https:\/\/roosterriddle.com\/index.php\/wp-json\/wp\/v2\/pages\/754","targetHints":{"allow":["GET"]}}],"collection":[{"href":"https:\/\/roosterriddle.com\/index.php\/wp-json\/wp\/v2\/pages"}],"about":[{"href":"https:\/\/roosterriddle.com\/index.php\/wp-json\/wp\/v2\/types\/page"}],"author":[{"embeddable":true,"href":"https:\/\/roosterriddle.com\/index.php\/wp-json\/wp\/v2\/users\/1"}],"replies":[{"embeddable":true,"href":"https:\/\/roosterriddle.com\/index.php\/wp-json\/wp\/v2\/comments?post=754"}],"version-history":[{"count":147,"href":"https:\/\/roosterriddle.com\/index.php\/wp-json\/wp\/v2\/pages\/754\/revisions"}],"predecessor-version":[{"id":1501,"href":"https:\/\/roosterriddle.com\/index.php\/wp-json\/wp\/v2\/pages\/754\/revisions\/1501"}],"up":[{"embeddable":true,"href":"https:\/\/roosterriddle.com\/index.php\/wp-json\/wp\/v2\/pages\/2"}],"wp:attachment":[{"href":"https:\/\/roosterriddle.com\/index.php\/wp-json\/wp\/v2\/media?parent=754"}],"curies":[{"name":"wp","href":"https:\/\/api.w.org\/{rel}","templated":true}]}}